{"id":18348,"date":"2018-08-07T19:35:01","date_gmt":"2018-08-08T00:35:01","guid":{"rendered":"https:\/\/minmueblesmorelia.mx\/?page_id=18348"},"modified":"2018-11-09T12:55:16","modified_gmt":"2018-11-09T18:55:16","slug":"acerca","status":"publish","type":"page","link":"https:\/\/minmueblesmorelia.mx\/en\/acerca\/","title":{"rendered":"Acerca"},"content":{"rendered":"<div data-vc-full-width=\"true\" data-vc-full-width-init=\"false\" data-vc-stretch-content=\"true\" class=\"vc_row wpb_row vc_row-fluid vc_row-no-padding vc_row-o-content-top vc_row-flex vc_row\"><div class=\"wpb_column vc_column_container vc_col-sm-1 vc_column\"><div class=\"vc_column-inner\"><div class=\"wpb_wrapper\"><\/div><\/div><\/div><div class=\"wpb_column vc_column_container vc_col-sm-4 vc_column\"><div class=\"vc_column-inner\"><div class=\"wpb_wrapper\"><div class=\"ult-spacer spacer-69d2a9ae42234\" data-id=\"69d2a9ae42234\" data-height=\"60\" data-height-mobile=\"0\" data-height-tab=\"0\" data-height-tab-portrait=\"40\" data-height-mobile-landscape=\"0\" style=\"clear:both;display:block;\"><\/div>\n\t<div class=\"wpb_text_column wpb_content_element  vc_custom_1541789649515 vc_column_text\" >\n\t\t<div class=\"wpb_wrapper\">\n\t\t\t<h1>Acerca de M Inmuebles<\/h1>\n<h2>Somos una empresa privada de venta y renta de propiedades inmuebles, que ofrece atenci\u00f3n personalizada con profesionales altamente calificados en beneficio de nuestros clientes.<\/h2>\n\n\t\t<\/div>\n\t<\/div>\n<\/div><\/div><\/div><div class=\"wpb_column vc_column_container vc_col-sm-1 vc_column\"><div class=\"vc_column-inner\"><div class=\"wpb_wrapper\"><\/div><\/div><\/div><div data-vc-parallax=\"1\" data-vc-parallax-image=\"https:\/\/minmueblesmorelia.mx\/wp-content\/uploads\/2018\/08\/BKGN-Untitled-B6.jpg\" class=\"wpb_column vc_column_container vc_col-sm-6 vc_col-has-fill vc_general vc_parallax vc_parallax-content-moving vc_column\"><div class=\"vc_column-inner vc_custom_1534864838201\"><div class=\"wpb_wrapper\"><\/div><\/div><\/div><\/div><div class=\"vc_row-full-width vc_clearfix\"><\/div><div class=\"vc_row wpb_row vc_row-fluid vc_custom_1534809828813 vc_row\"><div class=\"wpb_column vc_column_container vc_col-sm-12 vc_column\"><div class=\"vc_column-inner\"><div class=\"wpb_wrapper\">\n\t<div class=\"wpb_text_column wpb_content_element  vc_column_text\" >\n\t\t<div class=\"wpb_wrapper\">\n\t\t\t<h1 style=\"text-align: center;\">Administraci\u00f3n de rentas y condominios<\/h1>\n<h3 style=\"text-align: center;\"><strong>Venta, Renta, Hipotecario<\/strong><\/h3>\n\n\t\t<\/div>\n\t<\/div>\n<div class=\"vc_row wpb_row vc_inner vc_row-fluid vc_row_inner\"><div class=\"wpb_column vc_column_container vc_col-sm-4 vc_column_inner\"><div class=\"vc_column-inner\"><div class=\"wpb_wrapper\">\n\t<div  class=\"wpb_single_image wpb_content_element vc_align_center  vc_single_image\">\n\t\t\n\t\t<figure class=\"wpb_wrapper vc_figure\">\n\t\t\t<div class=\"vc_single_image-wrapper   vc_box_border_grey\"><img decoding=\"async\" width=\"150\" height=\"150\" src=\"https:\/\/minmueblesmorelia.mx\/wp-content\/uploads\/2018\/08\/Acerca_icon-A1-150x150.png\" class=\"vc_single_image-img attachment-thumbnail\" alt=\"\" srcset=\"https:\/\/minmueblesmorelia.mx\/wp-content\/uploads\/2018\/08\/Acerca_icon-A1-150x150.png 150w, https:\/\/minmueblesmorelia.mx\/wp-content\/uploads\/2018\/08\/Acerca_icon-A1-300x300.png 300w, https:\/\/minmueblesmorelia.mx\/wp-content\/uploads\/2018\/08\/Acerca_icon-A1-120x120.png 120w, https:\/\/minmueblesmorelia.mx\/wp-content\/uploads\/2018\/08\/Acerca_icon-A1-45x45.png 45w, https:\/\/minmueblesmorelia.mx\/wp-content\/uploads\/2018\/08\/Acerca_icon-A1-36x36.png 36w, https:\/\/minmueblesmorelia.mx\/wp-content\/uploads\/2018\/08\/Acerca_icon-A1.png 350w\" sizes=\"(max-width: 150px) 100vw, 150px\" \/><\/div>\n\t\t<\/figure>\n\t<\/div>\n\n\t<div class=\"wpb_text_column wpb_content_element  vc_column_text\" >\n\t\t<div class=\"wpb_wrapper\">\n\t\t\t<p style=\"text-align: center;\">El m\u00e1s alto nivel de compromiso para encontrar la casa por la que tanto trabajaste.<\/p>\n\n\t\t<\/div>\n\t<\/div>\n<\/div><\/div><\/div><div class=\"wpb_column vc_column_container vc_col-sm-4 vc_column_inner\"><div class=\"vc_column-inner\"><div class=\"wpb_wrapper\">\n\t<div  class=\"wpb_single_image wpb_content_element vc_align_center  vc_single_image\">\n\t\t\n\t\t<figure class=\"wpb_wrapper vc_figure\">\n\t\t\t<div class=\"vc_single_image-wrapper   vc_box_border_grey\"><img decoding=\"async\" width=\"150\" height=\"150\" src=\"https:\/\/minmueblesmorelia.mx\/wp-content\/uploads\/2018\/08\/Acerca_icon-A2-150x150.png\" class=\"vc_single_image-img attachment-thumbnail\" alt=\"\" srcset=\"https:\/\/minmueblesmorelia.mx\/wp-content\/uploads\/2018\/08\/Acerca_icon-A2-150x150.png 150w, https:\/\/minmueblesmorelia.mx\/wp-content\/uploads\/2018\/08\/Acerca_icon-A2-300x300.png 300w, https:\/\/minmueblesmorelia.mx\/wp-content\/uploads\/2018\/08\/Acerca_icon-A2-120x120.png 120w, https:\/\/minmueblesmorelia.mx\/wp-content\/uploads\/2018\/08\/Acerca_icon-A2-45x45.png 45w, https:\/\/minmueblesmorelia.mx\/wp-content\/uploads\/2018\/08\/Acerca_icon-A2-36x36.png 36w, https:\/\/minmueblesmorelia.mx\/wp-content\/uploads\/2018\/08\/Acerca_icon-A2.png 350w\" sizes=\"(max-width: 150px) 100vw, 150px\" \/><\/div>\n\t\t<\/figure>\n\t<\/div>\n\n\t<div class=\"wpb_text_column wpb_content_element  vc_column_text\" >\n\t\t<div class=\"wpb_wrapper\">\n\t\t\t<p style=\"text-align: center;\">Ofrecemos los mejores servicios de administraci\u00f3n, b\u00fasqueda, compra, venta y arrendamiento.<\/p>\n\n\t\t<\/div>\n\t<\/div>\n<\/div><\/div><\/div><div class=\"wpb_column vc_column_container vc_col-sm-4 vc_column_inner\"><div class=\"vc_column-inner\"><div class=\"wpb_wrapper\">\n\t<div  class=\"wpb_single_image wpb_content_element vc_align_center  vc_single_image\">\n\t\t\n\t\t<figure class=\"wpb_wrapper vc_figure\">\n\t\t\t<div class=\"vc_single_image-wrapper   vc_box_border_grey\"><img decoding=\"async\" width=\"150\" height=\"150\" src=\"https:\/\/minmueblesmorelia.mx\/wp-content\/uploads\/2018\/08\/Acerca_icon-A3-150x150.png\" class=\"vc_single_image-img attachment-thumbnail\" alt=\"\" srcset=\"https:\/\/minmueblesmorelia.mx\/wp-content\/uploads\/2018\/08\/Acerca_icon-A3-150x150.png 150w, https:\/\/minmueblesmorelia.mx\/wp-content\/uploads\/2018\/08\/Acerca_icon-A3-300x300.png 300w, https:\/\/minmueblesmorelia.mx\/wp-content\/uploads\/2018\/08\/Acerca_icon-A3-120x120.png 120w, https:\/\/minmueblesmorelia.mx\/wp-content\/uploads\/2018\/08\/Acerca_icon-A3-45x45.png 45w, https:\/\/minmueblesmorelia.mx\/wp-content\/uploads\/2018\/08\/Acerca_icon-A3-36x36.png 36w, https:\/\/minmueblesmorelia.mx\/wp-content\/uploads\/2018\/08\/Acerca_icon-A3.png 350w\" sizes=\"(max-width: 150px) 100vw, 150px\" \/><\/div>\n\t\t<\/figure>\n\t<\/div>\n\n\t<div class=\"wpb_text_column wpb_content_element  vc_column_text\" >\n\t\t<div class=\"wpb_wrapper\">\n\t\t\t<p style=\"text-align: center;\">Encontrar la forma m\u00e1s r\u00e1pida de vender tu propiedad, generar un equipo de trabajo 100% honesto y profesional en su servicio.<\/p>\n\n\t\t<\/div>\n\t<\/div>\n<\/div><\/div><\/div><\/div><\/div><\/div><\/div><\/div><div class=\"vc_row wpb_row vc_row-fluid vc_custom_1534808934022 vc_row\"><div class=\"wpb_column vc_column_container vc_col-sm-12 vc_column\"><div class=\"vc_column-inner\"><div class=\"wpb_wrapper\">\n\t<div class=\"wpb_text_column wpb_content_element  vc_column_text\" >\n\t\t<div class=\"wpb_wrapper\">\n\t\t\t<h1 style=\"text-align: center;\"><span style=\"color: #ffffff;\">\u00bfT\u00fa que buscas?<\/span><\/h1>\n<h3 style=\"text-align: center;\"><span style=\"color: #ffffff;\">Plat\u00edcanos un poquito y hacemos mucho para ti\u2026<\/span><\/h3>\n<div style=\"text-align: center;\"><\/div>\n<div style=\"text-align: center;\"><span style=\"color: #ffffff;\">Residencias, oficinas, consultorios, puntos de venta, bodegas comerciales e industriales.<\/span><\/div>\n<div style=\"text-align: center;\"><\/div>\n\n\t\t<\/div>\n\t<\/div>\n<\/div><\/div><\/div><\/div><!-- Row Backgrounds --><div class=\"upb_color\" data-bg-override=\"full\" data-bg-color=\"#213e82\" data-fadeout=\"\" data-fadeout-percentage=\"30\" data-parallax-content=\"\" data-parallax-content-sense=\"30\" data-row-effect-mobile-disable=\"true\" data-img-parallax-mobile-disable=\"true\" data-rtl=\"false\"  data-custom-vc-row=\"\"  data-vc=\"6.6.0\"  data-is_old_vc=\"\"  data-theme-support=\"\"   data-overlay=\"false\" data-overlay-color=\"\" data-overlay-pattern=\"\" data-overlay-pattern-opacity=\"\" data-overlay-pattern-size=\"\"    ><\/div><div class=\"vc_row wpb_row vc_row-fluid vc_custom_1534814968755 vc_row\"><div class=\"wpb_column vc_column_container vc_col-sm-12 vc_column\"><div class=\"vc_column-inner\"><div class=\"wpb_wrapper\">\n\t<div class=\"wpb_text_column wpb_content_element  vc_column_text\" >\n\t\t<div class=\"wpb_wrapper\">\n\t\t\t<div>\n<h3>Valores M inmuebles Morelia<\/h3>\n<\/div>\n\n\t\t<\/div>\n\t<\/div>\n<\/div><\/div><\/div><\/div><div class=\"vc_row wpb_row vc_row-fluid vc_custom_1534814914786 vc_row\"><div class=\"wpb_column vc_column_container vc_col-sm-6 vc_column\"><div class=\"vc_column-inner\"><div class=\"wpb_wrapper\">\n\t<div class=\"wpb_text_column wpb_content_element  vc_custom_1534814959181 vc_column_text\" >\n\t\t<div class=\"wpb_wrapper\">\n\t\t\t<ul>\n<li><strong>\u00c9tica:<\/strong> apego a los c\u00f3digos, normas y principios en el actuar de nuestro equipo.<\/li>\n<li><strong>Honestidad:<\/strong> reconocimiento de nuestra actitud o vocaci\u00f3n por el servicio ante los intereses de nuestros clientes, personales y en equipo.<\/li>\n<li><strong>Humanismo:<\/strong> asumir una conducta de respeto al honor y el valor de las personas.<\/li>\n<\/ul>\n\n\t\t<\/div>\n\t<\/div>\n<\/div><\/div><\/div><div class=\"wpb_column vc_column_container vc_col-sm-6 vc_column\"><div class=\"vc_column-inner\"><div class=\"wpb_wrapper\">\n\t<div class=\"wpb_text_column wpb_content_element  vc_column_text\" >\n\t\t<div class=\"wpb_wrapper\">\n\t\t\t<div>\n<ul>\n<li><strong>Trabajo en equipo:<\/strong> conformar grupos de trabajo en los cuales sus integrantes aporten sus conocimientos individuales, sus habilidades sus ideales y sus motivaciones.<\/li>\n<li><strong>Profesionalismo:<\/strong> aplicar los conocimientos adquiridos para apoyar los servicios que presta la empresa.<\/li>\n<li><strong>Congruencia:<\/strong> identificarse con la misi\u00f3n y visi\u00f3n de la instituci\u00f3n.<\/li>\n<\/ul>\n<\/div>\n\n\t\t<\/div>\n\t<\/div>\n<\/div><\/div><\/div><\/div><div data-vc-full-width=\"true\" data-vc-full-width-init=\"false\" data-vc-stretch-content=\"true\" class=\"vc_row wpb_row vc_row-fluid vc_custom_1534793944480 vc_row-no-padding vc_row\"><div class=\"wpb_column vc_column_container vc_col-sm-12 vc_hidden-xs vc_column\"><div class=\"vc_column-inner\"><div class=\"wpb_wrapper\">\n<div class=\"vc_grid-container-wrapper vc_clearfix\">\n\t<div class=\"vc_grid-container vc_clearfix wpb_content_element vc_media_grid vc_media_grid\" data-initial-loading-animation=\"none\" data-vc-grid-settings=\"{&quot;page_id&quot;:18348,&quot;style&quot;:&quot;all&quot;,&quot;action&quot;:&quot;vc_get_vc_grid_data&quot;,&quot;shortcode_id&quot;:&quot;1541789628600-2afa9ebf-5cee-6&quot;,&quot;tag&quot;:&quot;vc_media_grid&quot;}\" data-vc-request=\"https:\/\/minmueblesmorelia.mx\/wp-admin\/admin-ajax.php\" data-vc-post-id=\"18348\" data-vc-public-nonce=\"dc3638f677\">\n\t\t\n\t<\/div>\n<\/div><\/div><\/div><\/div><\/div><div class=\"vc_row-full-width vc_clearfix\"><\/div>","protected":false},"excerpt":{"rendered":"Acerca de M Inmuebles Somos una empresa privada de venta y renta de propiedades inmuebles, que ofrece atenci\u00f3n personalizada con profesionales altamente calificados en beneficio de nuestros clientes. Administraci\u00f3n de rentas y condominios Venta, Renta, Hipotecario El m\u00e1s alto nivel de compromiso para encontrar la casa por la que tanto trabajaste. Ofrecemos los mejores servicios de administraci\u00f3n, b\u00fasqueda, compra, venta y arrendamiento. Encontrar la ...","protected":false},"author":1,"featured_media":0,"parent":0,"menu_order":0,"comment_status":"closed","ping_status":"closed","template":"","meta":{"om_disable_all_campaigns":false,"_uf_show_specific_survey":0,"_uf_disable_surveys":false,"footnotes":""},"class_list":["post-18348","page","type-page","status-publish","hentry"],"yoast_head":"<!-- This site is optimized with the Yoast SEO plugin v26.4 - https:\/\/yoast.com\/wordpress\/plugins\/seo\/ -->\n<title>Acerca - M Inmuebles<\/title>\n<meta name=\"robots\" content=\"index, follow, max-snippet:-1, max-image-preview:large, max-video-preview:-1\" \/>\n<link rel=\"canonical\" href=\"https:\/\/minmueblesmorelia.mx\/en\/acerca\/\" \/>\n<meta property=\"og:locale\" content=\"en_US\" \/>\n<meta property=\"og:type\" content=\"article\" \/>\n<meta property=\"og:title\" content=\"Acerca - M Inmuebles\" \/>\n<meta property=\"og:url\" content=\"https:\/\/minmueblesmorelia.mx\/en\/acerca\/\" \/>\n<meta property=\"og:site_name\" content=\"M Inmuebles\" \/>\n<meta property=\"article:modified_time\" content=\"2018-11-09T18:55:16+00:00\" \/>\n<meta name=\"twitter:card\" content=\"summary_large_image\" \/>\n<meta name=\"twitter:label1\" content=\"Est. reading time\" \/>\n\t<meta name=\"twitter:data1\" content=\"3 minutes\" \/>\n<script type=\"application\/ld+json\" class=\"yoast-schema-graph\">{\"@context\":\"https:\/\/schema.org\",\"@graph\":[{\"@type\":\"WebPage\",\"@id\":\"https:\/\/minmueblesmorelia.mx\/acerca\/\",\"url\":\"https:\/\/minmueblesmorelia.mx\/acerca\/\",\"name\":\"Acerca - M Inmuebles\",\"isPartOf\":{\"@id\":\"https:\/\/minmueblesmorelia.mx\/#website\"},\"datePublished\":\"2018-08-08T00:35:01+00:00\",\"dateModified\":\"2018-11-09T18:55:16+00:00\",\"breadcrumb\":{\"@id\":\"https:\/\/minmueblesmorelia.mx\/acerca\/#breadcrumb\"},\"inLanguage\":\"en-US\",\"potentialAction\":[{\"@type\":\"ReadAction\",\"target\":[\"https:\/\/minmueblesmorelia.mx\/acerca\/\"]}]},{\"@type\":\"BreadcrumbList\",\"@id\":\"https:\/\/minmueblesmorelia.mx\/acerca\/#breadcrumb\",\"itemListElement\":[{\"@type\":\"ListItem\",\"position\":1,\"name\":\"Portada\",\"item\":\"https:\/\/minmueblesmorelia.mx\/\"},{\"@type\":\"ListItem\",\"position\":2,\"name\":\"Acerca\"}]},{\"@type\":\"WebSite\",\"@id\":\"https:\/\/minmueblesmorelia.mx\/#website\",\"url\":\"https:\/\/minmueblesmorelia.mx\/\",\"name\":\"M Inmuebles\",\"description\":\".\",\"potentialAction\":[{\"@type\":\"SearchAction\",\"target\":{\"@type\":\"EntryPoint\",\"urlTemplate\":\"https:\/\/minmueblesmorelia.mx\/?s={search_term_string}\"},\"query-input\":{\"@type\":\"PropertyValueSpecification\",\"valueRequired\":true,\"valueName\":\"search_term_string\"}}],\"inLanguage\":\"en-US\"}]}<\/script>\n<!-- \/ Yoast SEO plugin. -->","yoast_head_json":{"title":"Acerca - M Inmuebles","robots":{"index":"index","follow":"follow","max-snippet":"max-snippet:-1","max-image-preview":"max-image-preview:large","max-video-preview":"max-video-preview:-1"},"canonical":"https:\/\/minmueblesmorelia.mx\/en\/acerca\/","og_locale":"en_US","og_type":"article","og_title":"Acerca - M Inmuebles","og_url":"https:\/\/minmueblesmorelia.mx\/en\/acerca\/","og_site_name":"M Inmuebles","article_modified_time":"2018-11-09T18:55:16+00:00","twitter_card":"summary_large_image","twitter_misc":{"Est. reading time":"3 minutes"},"schema":{"@context":"https:\/\/schema.org","@graph":[{"@type":"WebPage","@id":"https:\/\/minmueblesmorelia.mx\/acerca\/","url":"https:\/\/minmueblesmorelia.mx\/acerca\/","name":"Acerca - M Inmuebles","isPartOf":{"@id":"https:\/\/minmueblesmorelia.mx\/#website"},"datePublished":"2018-08-08T00:35:01+00:00","dateModified":"2018-11-09T18:55:16+00:00","breadcrumb":{"@id":"https:\/\/minmueblesmorelia.mx\/acerca\/#breadcrumb"},"inLanguage":"en-US","potentialAction":[{"@type":"ReadAction","target":["https:\/\/minmueblesmorelia.mx\/acerca\/"]}]},{"@type":"BreadcrumbList","@id":"https:\/\/minmueblesmorelia.mx\/acerca\/#breadcrumb","itemListElement":[{"@type":"ListItem","position":1,"name":"Portada","item":"https:\/\/minmueblesmorelia.mx\/"},{"@type":"ListItem","position":2,"name":"Acerca"}]},{"@type":"WebSite","@id":"https:\/\/minmueblesmorelia.mx\/#website","url":"https:\/\/minmueblesmorelia.mx\/","name":"M Inmuebles","description":".","potentialAction":[{"@type":"SearchAction","target":{"@type":"EntryPoint","urlTemplate":"https:\/\/minmueblesmorelia.mx\/?s={search_term_string}"},"query-input":{"@type":"PropertyValueSpecification","valueRequired":true,"valueName":"search_term_string"}}],"inLanguage":"en-US"}]}},"_links":{"self":[{"href":"https:\/\/minmueblesmorelia.mx\/en\/wp-json\/wp\/v2\/pages\/18348","targetHints":{"allow":["GET"]}}],"collection":[{"href":"https:\/\/minmueblesmorelia.mx\/en\/wp-json\/wp\/v2\/pages"}],"about":[{"href":"https:\/\/minmueblesmorelia.mx\/en\/wp-json\/wp\/v2\/types\/page"}],"author":[{"embeddable":true,"href":"https:\/\/minmueblesmorelia.mx\/en\/wp-json\/wp\/v2\/users\/1"}],"replies":[{"embeddable":true,"href":"https:\/\/minmueblesmorelia.mx\/en\/wp-json\/wp\/v2\/comments?post=18348"}],"version-history":[{"count":0,"href":"https:\/\/minmueblesmorelia.mx\/en\/wp-json\/wp\/v2\/pages\/18348\/revisions"}],"wp:attachment":[{"href":"https:\/\/minmueblesmorelia.mx\/en\/wp-json\/wp\/v2\/media?parent=18348"}],"curies":[{"name":"wp","href":"https:\/\/api.w.org\/{rel}","templated":true}]}}