{"id":18351,"date":"2018-08-07T19:36:04","date_gmt":"2018-08-08T00:36:04","guid":{"rendered":"https:\/\/minmueblesmorelia.mx\/?page_id=18351"},"modified":"2018-09-06T11:07:17","modified_gmt":"2018-09-06T16:07:17","slug":"servicios-promocion-de-fraccionamientos","status":"publish","type":"page","link":"https:\/\/minmueblesmorelia.mx\/en\/servicios-promocion-de-fraccionamientos\/","title":{"rendered":"Promoci\u00f3n de Fraccionamientos"},"content":{"rendered":"<div data-vc-full-width=\"true\" data-vc-full-width-init=\"false\" data-vc-stretch-content=\"true\" class=\"vc_row wpb_row vc_row-fluid vc_row-no-padding vc_row-o-content-top vc_row-flex vc_row\"><div class=\"wpb_column vc_column_container vc_col-sm-1 vc_column\"><div class=\"vc_column-inner\"><div class=\"wpb_wrapper\"><\/div><\/div><\/div><div class=\"wpb_column vc_column_container vc_col-sm-4 vc_column\"><div class=\"vc_column-inner\"><div class=\"wpb_wrapper\"><div class=\"ult-spacer spacer-69da32925b296\" data-id=\"69da32925b296\" data-height=\"60\" data-height-mobile=\"0\" data-height-tab=\"0\" data-height-tab-portrait=\"40\" data-height-mobile-landscape=\"0\" style=\"clear:both;display:block;\"><\/div>\n\t<div class=\"wpb_text_column wpb_content_element  vc_column_text\" >\n\t\t<div class=\"wpb_wrapper\">\n\t\t\t<h1>Promoci\u00f3n de Fraccionamientos<\/h1>\n\n\t\t<\/div>\n\t<\/div>\n\n\t<div class=\"wpb_text_column wpb_content_element  vc_column_text\" >\n\t\t<div class=\"wpb_wrapper\">\n\t\t\t<p style=\"text-align: justify;\">Estamos realmente interesados en la promoci\u00f3n de sus\u00a0 proyectos\u00a0 que en satisfacci\u00f3n de las necesidades de nuestros clientes creemos que podemos ser un instrumento m\u00e1s en la venta de su desarrollo. La manera en que nosotros promovemos los inmuebles es a trav\u00e9s de peri\u00f3dicos, Internet, cartera de clientes (Particulares y constructores), lonas, Banners, Guardias de ventas , relaci\u00f3n con las principales formas de entidades de cr\u00e9dito.<\/p>\n\n\t\t<\/div>\n\t<\/div>\n<\/div><\/div><\/div><div class=\"wpb_column vc_column_container vc_col-sm-1 vc_column\"><div class=\"vc_column-inner\"><div class=\"wpb_wrapper\"><\/div><\/div><\/div><div data-vc-parallax=\"1\" data-vc-parallax-image=\"https:\/\/minmueblesmorelia.mx\/wp-content\/uploads\/2018\/08\/BKGN-Untitled-B1.jpg\" class=\"wpb_column vc_column_container vc_col-sm-6 vc_col-has-fill vc_general vc_parallax vc_parallax-content-moving vc_column\"><div class=\"vc_column-inner vc_custom_1534869323491\"><div class=\"wpb_wrapper\"><\/div><\/div><\/div><\/div><div class=\"vc_row-full-width vc_clearfix\"><\/div><div class=\"vc_row wpb_row vc_row-fluid vc_custom_1534827392573 vc_row\"><div class=\"wpb_column vc_column_container vc_col-sm-5 vc_col-md-5 vc_col-xs-12 vc_column\"><div class=\"vc_column-inner\"><div class=\"wpb_wrapper\">\n\t<div class=\"wpb_text_column wpb_content_element  vc_column_text\" >\n\t\t<div class=\"wpb_wrapper\">\n\t\t\t<ul>\n<li style=\"text-align: left;\"><span style=\"color: #666666;\">Spots de radio.<\/span><\/li>\n<li style=\"text-align: left;\"><span style=\"color: #666666;\">Lonas cerca de la zona que dar\u00e1 a conocer la ubicaci\u00f3n de los inmuebles.<\/span><\/li>\n<li style=\"text-align: left;\"><span style=\"color: #666666;\">Dise\u00f1o de Logotipo Personalizado del Fraccionamiento.<\/span><\/li>\n<li style=\"text-align: justify;\"><span style=\"color: #666666;\">Lona espectacular en el sitio.<\/span><\/li>\n<li style=\"text-align: justify;\"><span style=\"color: #666666;\">Guardias con asesores de venta de 10 a 14 y de 14 a 18 hrs de lunes a Domingo.<\/span><\/li>\n<li style=\"text-align: justify;\"><span style=\"color: #666666;\">L\u00ednea telef\u00f3nica con asesores en horarios de oficina 10-14 y 15-19 hrs<\/span><\/li>\n<li style=\"text-align: justify;\"><span style=\"color: #666666;\">Tramites de cr\u00e9ditos hipotecarios, en su caso.<\/span><\/li>\n<li style=\"text-align: justify;\"><span style=\"color: #666666;\">Uniforme\u00a0 distintivas para el personal de ventas.<\/span><\/li>\n<li style=\"text-align: justify;\"><span style=\"color: #666666;\">Anuncios exclusivos al fraccionamiento.<\/span><\/li>\n<li style=\"text-align: justify;\"><span style=\"color: #666666;\">Displays del inmueble.<\/span><\/li>\n<\/ul>\n\n\t\t<\/div>\n\t<\/div>\n<\/div><\/div><\/div><div class=\"wpb_column vc_column_container vc_col-sm-1 vc_col-md-1 vc_hidden-sm vc_hidden-xs vc_column\"><div class=\"vc_column-inner\"><div class=\"wpb_wrapper\"><\/div><\/div><\/div><div class=\"wpb_column vc_column_container vc_col-sm-5 vc_col-md-5 vc_col-xs-12 vc_column\"><div class=\"vc_column-inner\"><div class=\"wpb_wrapper\">\n\t<div class=\"wpb_text_column wpb_content_element  vc_column_text\" >\n\t\t<div class=\"wpb_wrapper\">\n\t\t\t<ul>\n<li style=\"text-align: justify;\"><span style=\"color: #666666;\">Flyers (volantes) a color constantemente repartidos en diversos cruceros principalmente del Ote de la ciudad Crucero Av. Camelinas y Av. Ventura Pte., Crucero Av. Camelinas y Av. Del campestre, Esq. Boulevard Garc\u00eda de Le\u00f3n y Av. Ventura Pte., Av. Del Campestre y Av. Acueducto, Av. Acueducto y Av. Camelinas o Perif\u00e9rico Ote.<\/span><\/li>\n<li style=\"text-align: justify;\"><span style=\"color: #666666;\">Prospectaci\u00f3n de cartera de clientes.<\/span><\/li>\n<li style=\"text-align: justify;\"><span style=\"color: #666666;\">Presentaciones personales a empresarios, profesionales e inversionistas.<\/span><\/li>\n<li style=\"text-align: justify;\"><span style=\"color: #666666;\">Open House con futuros compradores inmobiliarias y corredores del medio.<\/span><\/li>\n<li style=\"text-align: justify;\"><span style=\"color: #666666;\">Publicidad masiva en los Principales portales de internet..<\/span><\/li>\n<\/ul>\n\n\t\t<\/div>\n\t<\/div>\n<\/div><\/div><\/div><\/div><!-- Row Backgrounds --><div class=\"upb_color\" data-bg-override=\"full\" data-bg-color=\"#bfbfbf\" data-fadeout=\"\" data-fadeout-percentage=\"30\" data-parallax-content=\"\" data-parallax-content-sense=\"30\" data-row-effect-mobile-disable=\"true\" data-img-parallax-mobile-disable=\"true\" data-rtl=\"false\"  data-custom-vc-row=\"\"  data-vc=\"6.6.0\"  data-is_old_vc=\"\"  data-theme-support=\"\"   data-overlay=\"false\" data-overlay-color=\"\" data-overlay-pattern=\"\" data-overlay-pattern-opacity=\"\" data-overlay-pattern-size=\"\"    ><\/div><div data-vc-full-width=\"true\" data-vc-full-width-init=\"false\" data-vc-stretch-content=\"true\" class=\"vc_row wpb_row vc_row-fluid vc_row-no-padding vc_row\"><div class=\"wpb_column vc_column_container vc_col-sm-12 vc_hidden-lg vc_hidden-md vc_column\"><div class=\"vc_column-inner\"><div class=\"wpb_wrapper\"><div class=\"ult-spacer spacer-69da32925b976\" data-id=\"69da32925b976\" data-height=\"\" data-height-mobile=\"0\" data-height-tab=\"\" data-height-tab-portrait=\"0\" data-height-mobile-landscape=\"\" style=\"clear:both;display:block;\"><\/div><\/div><\/div><\/div><\/div><div class=\"vc_row-full-width vc_clearfix\"><\/div><div data-vc-full-width=\"true\" data-vc-full-width-init=\"false\" data-vc-stretch-content=\"true\" class=\"vc_row wpb_row vc_row-fluid vc_custom_1534827380758 vc_row-no-padding vc_row\"><div class=\"wpb_column vc_column_container vc_col-sm-12 vc_hidden-xs vc_column\"><div class=\"vc_column-inner\"><div class=\"wpb_wrapper\">\n<div class=\"vc_grid-container-wrapper vc_clearfix\">\n\t<div class=\"vc_grid-container vc_clearfix wpb_content_element vc_media_grid vc_media_grid\" data-initial-loading-animation=\"none\" data-vc-grid-settings=\"{&quot;page_id&quot;:18351,&quot;style&quot;:&quot;all&quot;,&quot;action&quot;:&quot;vc_get_vc_grid_data&quot;,&quot;shortcode_id&quot;:&quot;1536249597389-52c258a7-9387-0&quot;,&quot;tag&quot;:&quot;vc_media_grid&quot;}\" data-vc-request=\"https:\/\/minmueblesmorelia.mx\/wp-admin\/admin-ajax.php\" data-vc-post-id=\"18351\" data-vc-public-nonce=\"d975957c9d\">\n\t\t\n\t<\/div>\n<\/div><\/div><\/div><\/div><\/div><div class=\"vc_row-full-width vc_clearfix\"><\/div>","protected":false},"excerpt":{"rendered":"Promoci\u00f3n de Fraccionamientos Estamos realmente interesados en la promoci\u00f3n de sus\u00a0 proyectos\u00a0 que en satisfacci\u00f3n de las necesidades de nuestros clientes creemos que podemos ser un instrumento m\u00e1s en la venta de su desarrollo. La manera en que nosotros promovemos los inmuebles es a trav\u00e9s de peri\u00f3dicos, Internet, cartera de clientes (Particulares y constructores), lonas, Banners, Guardias de ventas , relaci\u00f3n con las principales ...","protected":false},"author":1,"featured_media":0,"parent":0,"menu_order":0,"comment_status":"closed","ping_status":"closed","template":"","meta":{"om_disable_all_campaigns":false,"_uf_show_specific_survey":0,"_uf_disable_surveys":false,"footnotes":""},"class_list":["post-18351","page","type-page","status-publish","hentry"],"yoast_head":"<!-- This site is optimized with the Yoast SEO plugin v26.4 - https:\/\/yoast.com\/wordpress\/plugins\/seo\/ -->\n<title>Promoci\u00f3n de Fraccionamientos - M Inmuebles<\/title>\n<meta name=\"robots\" content=\"index, follow, max-snippet:-1, max-image-preview:large, max-video-preview:-1\" \/>\n<link rel=\"canonical\" href=\"https:\/\/minmueblesmorelia.mx\/en\/servicios-promocion-de-fraccionamientos\/\" \/>\n<meta property=\"og:locale\" content=\"en_US\" \/>\n<meta property=\"og:type\" content=\"article\" \/>\n<meta property=\"og:title\" content=\"Promoci\u00f3n de Fraccionamientos - M Inmuebles\" \/>\n<meta property=\"og:url\" content=\"https:\/\/minmueblesmorelia.mx\/en\/servicios-promocion-de-fraccionamientos\/\" \/>\n<meta property=\"og:site_name\" content=\"M Inmuebles\" \/>\n<meta property=\"article:modified_time\" content=\"2018-09-06T16:07:17+00:00\" \/>\n<meta name=\"twitter:card\" content=\"summary_large_image\" \/>\n<meta name=\"twitter:label1\" content=\"Est. reading time\" \/>\n\t<meta name=\"twitter:data1\" content=\"2 minutes\" \/>\n<script type=\"application\/ld+json\" class=\"yoast-schema-graph\">{\"@context\":\"https:\/\/schema.org\",\"@graph\":[{\"@type\":\"WebPage\",\"@id\":\"https:\/\/minmueblesmorelia.mx\/servicios-promocion-de-fraccionamientos\/\",\"url\":\"https:\/\/minmueblesmorelia.mx\/servicios-promocion-de-fraccionamientos\/\",\"name\":\"Promoci\u00f3n de Fraccionamientos - M Inmuebles\",\"isPartOf\":{\"@id\":\"https:\/\/minmueblesmorelia.mx\/#website\"},\"datePublished\":\"2018-08-08T00:36:04+00:00\",\"dateModified\":\"2018-09-06T16:07:17+00:00\",\"breadcrumb\":{\"@id\":\"https:\/\/minmueblesmorelia.mx\/servicios-promocion-de-fraccionamientos\/#breadcrumb\"},\"inLanguage\":\"en-US\",\"potentialAction\":[{\"@type\":\"ReadAction\",\"target\":[\"https:\/\/minmueblesmorelia.mx\/servicios-promocion-de-fraccionamientos\/\"]}]},{\"@type\":\"BreadcrumbList\",\"@id\":\"https:\/\/minmueblesmorelia.mx\/servicios-promocion-de-fraccionamientos\/#breadcrumb\",\"itemListElement\":[{\"@type\":\"ListItem\",\"position\":1,\"name\":\"Portada\",\"item\":\"https:\/\/minmueblesmorelia.mx\/\"},{\"@type\":\"ListItem\",\"position\":2,\"name\":\"Promoci\u00f3n de Fraccionamientos\"}]},{\"@type\":\"WebSite\",\"@id\":\"https:\/\/minmueblesmorelia.mx\/#website\",\"url\":\"https:\/\/minmueblesmorelia.mx\/\",\"name\":\"M Inmuebles\",\"description\":\".\",\"potentialAction\":[{\"@type\":\"SearchAction\",\"target\":{\"@type\":\"EntryPoint\",\"urlTemplate\":\"https:\/\/minmueblesmorelia.mx\/?s={search_term_string}\"},\"query-input\":{\"@type\":\"PropertyValueSpecification\",\"valueRequired\":true,\"valueName\":\"search_term_string\"}}],\"inLanguage\":\"en-US\"}]}<\/script>\n<!-- \/ Yoast SEO plugin. -->","yoast_head_json":{"title":"Promoci\u00f3n de Fraccionamientos - M Inmuebles","robots":{"index":"index","follow":"follow","max-snippet":"max-snippet:-1","max-image-preview":"max-image-preview:large","max-video-preview":"max-video-preview:-1"},"canonical":"https:\/\/minmueblesmorelia.mx\/en\/servicios-promocion-de-fraccionamientos\/","og_locale":"en_US","og_type":"article","og_title":"Promoci\u00f3n de Fraccionamientos - M Inmuebles","og_url":"https:\/\/minmueblesmorelia.mx\/en\/servicios-promocion-de-fraccionamientos\/","og_site_name":"M Inmuebles","article_modified_time":"2018-09-06T16:07:17+00:00","twitter_card":"summary_large_image","twitter_misc":{"Est. reading time":"2 minutes"},"schema":{"@context":"https:\/\/schema.org","@graph":[{"@type":"WebPage","@id":"https:\/\/minmueblesmorelia.mx\/servicios-promocion-de-fraccionamientos\/","url":"https:\/\/minmueblesmorelia.mx\/servicios-promocion-de-fraccionamientos\/","name":"Promoci\u00f3n de Fraccionamientos - M Inmuebles","isPartOf":{"@id":"https:\/\/minmueblesmorelia.mx\/#website"},"datePublished":"2018-08-08T00:36:04+00:00","dateModified":"2018-09-06T16:07:17+00:00","breadcrumb":{"@id":"https:\/\/minmueblesmorelia.mx\/servicios-promocion-de-fraccionamientos\/#breadcrumb"},"inLanguage":"en-US","potentialAction":[{"@type":"ReadAction","target":["https:\/\/minmueblesmorelia.mx\/servicios-promocion-de-fraccionamientos\/"]}]},{"@type":"BreadcrumbList","@id":"https:\/\/minmueblesmorelia.mx\/servicios-promocion-de-fraccionamientos\/#breadcrumb","itemListElement":[{"@type":"ListItem","position":1,"name":"Portada","item":"https:\/\/minmueblesmorelia.mx\/"},{"@type":"ListItem","position":2,"name":"Promoci\u00f3n de Fraccionamientos"}]},{"@type":"WebSite","@id":"https:\/\/minmueblesmorelia.mx\/#website","url":"https:\/\/minmueblesmorelia.mx\/","name":"M Inmuebles","description":".","potentialAction":[{"@type":"SearchAction","target":{"@type":"EntryPoint","urlTemplate":"https:\/\/minmueblesmorelia.mx\/?s={search_term_string}"},"query-input":{"@type":"PropertyValueSpecification","valueRequired":true,"valueName":"search_term_string"}}],"inLanguage":"en-US"}]}},"_links":{"self":[{"href":"https:\/\/minmueblesmorelia.mx\/en\/wp-json\/wp\/v2\/pages\/18351","targetHints":{"allow":["GET"]}}],"collection":[{"href":"https:\/\/minmueblesmorelia.mx\/en\/wp-json\/wp\/v2\/pages"}],"about":[{"href":"https:\/\/minmueblesmorelia.mx\/en\/wp-json\/wp\/v2\/types\/page"}],"author":[{"embeddable":true,"href":"https:\/\/minmueblesmorelia.mx\/en\/wp-json\/wp\/v2\/users\/1"}],"replies":[{"embeddable":true,"href":"https:\/\/minmueblesmorelia.mx\/en\/wp-json\/wp\/v2\/comments?post=18351"}],"version-history":[{"count":0,"href":"https:\/\/minmueblesmorelia.mx\/en\/wp-json\/wp\/v2\/pages\/18351\/revisions"}],"wp:attachment":[{"href":"https:\/\/minmueblesmorelia.mx\/en\/wp-json\/wp\/v2\/media?parent=18351"}],"curies":[{"name":"wp","href":"https:\/\/api.w.org\/{rel}","templated":true}]}}