{"id":38634,"date":"2020-04-15T15:55:46","date_gmt":"2020-04-15T20:55:46","guid":{"rendered":"https:\/\/minmueblesmorelia.mx\/?page_id=38634"},"modified":"2020-04-15T16:02:46","modified_gmt":"2020-04-15T21:02:46","slug":"oferta-por-una-propiedad","status":"publish","type":"page","link":"https:\/\/minmueblesmorelia.mx\/en\/oferta-por-una-propiedad\/","title":{"rendered":"Oferta por una Propiedad"},"content":{"rendered":"<div class=\"vc_row wpb_row vc_row-fluid vc_row\"><div class=\"wpb_column vc_column_container vc_col-sm-2 vc_column\"><div class=\"vc_column-inner\"><div class=\"wpb_wrapper\"><\/div><\/div><\/div><div class=\"wpb_column vc_column_container vc_col-sm-8 vc_column\"><div class=\"vc_column-inner\"><div class=\"wpb_wrapper\">\n\t<div class=\"wpb_text_column wpb_content_element  vc_column_text\" >\n\t\t<div class=\"wpb_wrapper\">\n\t\t\t<p style=\"text-align: center;\"><span style=\"font-size: 18pt;\">Realiza una oferta por alguna de nuestras propiedades. Indica tus datos de contacto la propiedad por la que est\u00e1s interesado.<\/span><\/p>\n\n\t\t<\/div>\n\t<\/div>\n\n<div class=\"wpcf7 no-js\" id=\"wpcf7-f38632-o1\" lang=\"es-ES\" dir=\"ltr\" data-wpcf7-id=\"38632\">\n<div class=\"screen-reader-response\"><p role=\"status\" aria-live=\"polite\" aria-atomic=\"true\"><\/p> <ul><\/ul><\/div>\n<form action=\"\/en\/wp-json\/wp\/v2\/pages\/38634#wpcf7-f38632-o1\" method=\"post\" class=\"wpcf7-form init\" aria-label=\"Formulario de contacto\" novalidate=\"novalidate\" data-status=\"init\" data-trp-original-action=\"\/en\/wp-json\/wp\/v2\/pages\/38634#wpcf7-f38632-o1\">\n<fieldset class=\"hidden-fields-container\"><input type=\"hidden\" name=\"_wpcf7\" value=\"38632\" \/><input type=\"hidden\" name=\"_wpcf7_version\" value=\"6.1\" \/><input type=\"hidden\" name=\"_wpcf7_locale\" value=\"es_ES\" \/><input type=\"hidden\" name=\"_wpcf7_unit_tag\" value=\"wpcf7-f38632-o1\" \/><input type=\"hidden\" name=\"_wpcf7_container_post\" value=\"0\" \/><input type=\"hidden\" name=\"_wpcf7_posted_data_hash\" value=\"\" \/>\n<\/fieldset>\n<p><label>Nombre (obligatorio)<br \/>\n<span class=\"wpcf7-form-control-wrap\" data-name=\"your-name\"><input size=\"40\" maxlength=\"400\" class=\"wpcf7-form-control wpcf7-text wpcf7-validates-as-required\" aria-required=\"true\" aria-invalid=\"false\" value=\"\" type=\"text\" name=\"your-name\" \/><\/span> <\/label>\n<\/p>\n<p><label> Telefono (obligatorio)<br \/>\n<span class=\"wpcf7-form-control-wrap\" data-name=\"phone\"><input size=\"40\" maxlength=\"400\" class=\"wpcf7-form-control wpcf7-text wpcf7-validates-as-required\" aria-required=\"true\" aria-invalid=\"false\" value=\"\" type=\"text\" name=\"phone\" \/><\/span> <\/label>\n<\/p>\n<p><label> Tu correo electr\u00f3nico<br \/>\n<span class=\"wpcf7-form-control-wrap\" data-name=\"your-email\"><input size=\"40\" maxlength=\"400\" class=\"wpcf7-form-control wpcf7-email wpcf7-validates-as-required wpcf7-text wpcf7-validates-as-email\" aria-required=\"true\" aria-invalid=\"false\" value=\"\" type=\"email\" name=\"your-email\" \/><\/span> <\/label>\n<\/p>\n<p><label> Link de Propiedad (obligatorio)<br \/>\n<span class=\"wpcf7-form-control-wrap\" data-name=\"URL\"><input size=\"40\" maxlength=\"400\" class=\"wpcf7-form-control wpcf7-text wpcf7-validates-as-required\" aria-required=\"true\" aria-invalid=\"false\" value=\"\" type=\"text\" name=\"URL\" \/><\/span> <\/label>\n<\/p>\n<p><label> Oferta (obligatorio)<br \/>\n<span class=\"wpcf7-form-control-wrap\" data-name=\"oferta\"><input size=\"40\" maxlength=\"400\" class=\"wpcf7-form-control wpcf7-text wpcf7-validates-as-required\" aria-required=\"true\" aria-invalid=\"false\" value=\"\" type=\"text\" name=\"oferta\" \/><\/span> <\/label><br \/>\n<label>Captura captcha<br \/>\n<input type=\"hidden\" name=\"_wpcf7_captcha_challenge_captcha-170\" value=\"891351723\" \/><img decoding=\"async\" class=\"wpcf7-form-control wpcf7-captchac wpcf7-captcha-captcha-170\" width=\"72\" height=\"24\" alt=\"captcha\" src=\"https:\/\/minmueblesmorelia.mx\/wp-content\/uploads\/wpcf7_captcha\/891351723.png\" \/> <\/label><br \/>\n<label>Aqu\u00ed:<br \/>\n<span class=\"wpcf7-form-control-wrap\" data-name=\"captcha-170\"><input size=\"4\" maxlength=\"4\" class=\"wpcf7-form-control wpcf7-captchar\" autocomplete=\"off\" aria-invalid=\"false\" value=\"\" type=\"text\" name=\"captcha-170\" \/><\/span><\/label><br \/>\n<input class=\"wpcf7-form-control wpcf7-submit has-spinner\" type=\"submit\" value=\"Enviar\" \/>\n<\/p><div class=\"wpcf7-response-output\" aria-hidden=\"true\"><\/div>\n<input type=\"hidden\" name=\"trp-form-language\" value=\"en\"\/><\/form>\n<\/div>\n<\/div><\/div><\/div><div class=\"wpb_column vc_column_container vc_col-sm-2 vc_column\"><div class=\"vc_column-inner\"><div class=\"wpb_wrapper\"><\/div><\/div><\/div><\/div>","protected":false},"excerpt":{"rendered":"Realiza una oferta por alguna de nuestras propiedades. Indica tus datos de contacto la propiedad por la que est\u00e1s interesado. Nombre (obligatorio) Telefono (obligatorio) Tu correo electr\u00f3nico Link de Propiedad (obligatorio) Oferta (obligatorio) Captura captcha Aqu\u00ed:","protected":false},"author":1,"featured_media":0,"parent":0,"menu_order":0,"comment_status":"closed","ping_status":"closed","template":"","meta":{"om_disable_all_campaigns":false,"_uf_show_specific_survey":0,"_uf_disable_surveys":false,"footnotes":""},"class_list":["post-38634","page","type-page","status-publish","hentry"],"yoast_head":"<!-- This site is optimized with the Yoast SEO plugin v26.4 - https:\/\/yoast.com\/wordpress\/plugins\/seo\/ -->\n<title>Oferta por una Propiedad - M Inmuebles<\/title>\n<meta name=\"robots\" content=\"index, follow, max-snippet:-1, max-image-preview:large, max-video-preview:-1\" \/>\n<link rel=\"canonical\" href=\"https:\/\/minmueblesmorelia.mx\/en\/oferta-por-una-propiedad\/\" \/>\n<meta property=\"og:locale\" content=\"en_US\" \/>\n<meta property=\"og:type\" content=\"article\" \/>\n<meta property=\"og:title\" content=\"Oferta por una Propiedad - M Inmuebles\" \/>\n<meta property=\"og:url\" content=\"https:\/\/minmueblesmorelia.mx\/en\/oferta-por-una-propiedad\/\" \/>\n<meta property=\"og:site_name\" content=\"M Inmuebles\" \/>\n<meta property=\"article:modified_time\" content=\"2020-04-15T21:02:46+00:00\" \/>\n<meta name=\"twitter:card\" content=\"summary_large_image\" \/>\n<script type=\"application\/ld+json\" class=\"yoast-schema-graph\">{\"@context\":\"https:\/\/schema.org\",\"@graph\":[{\"@type\":\"WebPage\",\"@id\":\"https:\/\/minmueblesmorelia.mx\/oferta-por-una-propiedad\/\",\"url\":\"https:\/\/minmueblesmorelia.mx\/oferta-por-una-propiedad\/\",\"name\":\"Oferta por una Propiedad - M Inmuebles\",\"isPartOf\":{\"@id\":\"https:\/\/minmueblesmorelia.mx\/#website\"},\"datePublished\":\"2020-04-15T20:55:46+00:00\",\"dateModified\":\"2020-04-15T21:02:46+00:00\",\"breadcrumb\":{\"@id\":\"https:\/\/minmueblesmorelia.mx\/oferta-por-una-propiedad\/#breadcrumb\"},\"inLanguage\":\"en-US\",\"potentialAction\":[{\"@type\":\"ReadAction\",\"target\":[\"https:\/\/minmueblesmorelia.mx\/oferta-por-una-propiedad\/\"]}]},{\"@type\":\"BreadcrumbList\",\"@id\":\"https:\/\/minmueblesmorelia.mx\/oferta-por-una-propiedad\/#breadcrumb\",\"itemListElement\":[{\"@type\":\"ListItem\",\"position\":1,\"name\":\"Portada\",\"item\":\"https:\/\/minmueblesmorelia.mx\/\"},{\"@type\":\"ListItem\",\"position\":2,\"name\":\"Oferta por una Propiedad\"}]},{\"@type\":\"WebSite\",\"@id\":\"https:\/\/minmueblesmorelia.mx\/#website\",\"url\":\"https:\/\/minmueblesmorelia.mx\/\",\"name\":\"M Inmuebles\",\"description\":\".\",\"potentialAction\":[{\"@type\":\"SearchAction\",\"target\":{\"@type\":\"EntryPoint\",\"urlTemplate\":\"https:\/\/minmueblesmorelia.mx\/?s={search_term_string}\"},\"query-input\":{\"@type\":\"PropertyValueSpecification\",\"valueRequired\":true,\"valueName\":\"search_term_string\"}}],\"inLanguage\":\"en-US\"}]}<\/script>\n<!-- \/ Yoast SEO plugin. -->","yoast_head_json":{"title":"Oferta por una Propiedad - M Inmuebles","robots":{"index":"index","follow":"follow","max-snippet":"max-snippet:-1","max-image-preview":"max-image-preview:large","max-video-preview":"max-video-preview:-1"},"canonical":"https:\/\/minmueblesmorelia.mx\/en\/oferta-por-una-propiedad\/","og_locale":"en_US","og_type":"article","og_title":"Oferta por una Propiedad - M Inmuebles","og_url":"https:\/\/minmueblesmorelia.mx\/en\/oferta-por-una-propiedad\/","og_site_name":"M Inmuebles","article_modified_time":"2020-04-15T21:02:46+00:00","twitter_card":"summary_large_image","schema":{"@context":"https:\/\/schema.org","@graph":[{"@type":"WebPage","@id":"https:\/\/minmueblesmorelia.mx\/oferta-por-una-propiedad\/","url":"https:\/\/minmueblesmorelia.mx\/oferta-por-una-propiedad\/","name":"Oferta por una Propiedad - M Inmuebles","isPartOf":{"@id":"https:\/\/minmueblesmorelia.mx\/#website"},"datePublished":"2020-04-15T20:55:46+00:00","dateModified":"2020-04-15T21:02:46+00:00","breadcrumb":{"@id":"https:\/\/minmueblesmorelia.mx\/oferta-por-una-propiedad\/#breadcrumb"},"inLanguage":"en-US","potentialAction":[{"@type":"ReadAction","target":["https:\/\/minmueblesmorelia.mx\/oferta-por-una-propiedad\/"]}]},{"@type":"BreadcrumbList","@id":"https:\/\/minmueblesmorelia.mx\/oferta-por-una-propiedad\/#breadcrumb","itemListElement":[{"@type":"ListItem","position":1,"name":"Portada","item":"https:\/\/minmueblesmorelia.mx\/"},{"@type":"ListItem","position":2,"name":"Oferta por una Propiedad"}]},{"@type":"WebSite","@id":"https:\/\/minmueblesmorelia.mx\/#website","url":"https:\/\/minmueblesmorelia.mx\/","name":"M Inmuebles","description":".","potentialAction":[{"@type":"SearchAction","target":{"@type":"EntryPoint","urlTemplate":"https:\/\/minmueblesmorelia.mx\/?s={search_term_string}"},"query-input":{"@type":"PropertyValueSpecification","valueRequired":true,"valueName":"search_term_string"}}],"inLanguage":"en-US"}]}},"_links":{"self":[{"href":"https:\/\/minmueblesmorelia.mx\/en\/wp-json\/wp\/v2\/pages\/38634","targetHints":{"allow":["GET"]}}],"collection":[{"href":"https:\/\/minmueblesmorelia.mx\/en\/wp-json\/wp\/v2\/pages"}],"about":[{"href":"https:\/\/minmueblesmorelia.mx\/en\/wp-json\/wp\/v2\/types\/page"}],"author":[{"embeddable":true,"href":"https:\/\/minmueblesmorelia.mx\/en\/wp-json\/wp\/v2\/users\/1"}],"replies":[{"embeddable":true,"href":"https:\/\/minmueblesmorelia.mx\/en\/wp-json\/wp\/v2\/comments?post=38634"}],"version-history":[{"count":2,"href":"https:\/\/minmueblesmorelia.mx\/en\/wp-json\/wp\/v2\/pages\/38634\/revisions"}],"predecessor-version":[{"id":38637,"href":"https:\/\/minmueblesmorelia.mx\/en\/wp-json\/wp\/v2\/pages\/38634\/revisions\/38637"}],"wp:attachment":[{"href":"https:\/\/minmueblesmorelia.mx\/en\/wp-json\/wp\/v2\/media?parent=38634"}],"curies":[{"name":"wp","href":"https:\/\/api.w.org\/{rel}","templated":true}]}}