{"id":47413,"date":"2020-12-17T16:03:56","date_gmt":"2020-12-17T22:03:56","guid":{"rendered":"https:\/\/minmueblesmorelia.mx\/?page_id=47413"},"modified":"2021-01-04T15:45:51","modified_gmt":"2021-01-04T21:45:51","slug":"blog","status":"publish","type":"page","link":"https:\/\/minmueblesmorelia.mx\/en\/blog\/","title":{"rendered":"Blog"},"content":{"rendered":"<div class=\"vc_row wpb_row vc_row-fluid vc_row\"><div class=\"wpb_column vc_column_container vc_col-sm-12 vc_column\"><div class=\"vc_column-inner\"><div class=\"wpb_wrapper\">\n<div class=\"vc_grid-container-wrapper vc_clearfix\">\n\t<div class=\"vc_grid-container vc_clearfix wpb_content_element vc_basic_grid vc_basic_grid\" data-initial-loading-animation=\"fadeIn\" data-vc-grid-settings=\"{&quot;page_id&quot;:47413,&quot;style&quot;:&quot;all&quot;,&quot;action&quot;:&quot;vc_get_vc_grid_data&quot;,&quot;shortcode_id&quot;:&quot;1608242718514-ddfc5a24-649c-4&quot;,&quot;tag&quot;:&quot;vc_basic_grid&quot;}\" data-vc-request=\"https:\/\/minmueblesmorelia.mx\/wp-admin\/admin-ajax.php\" data-vc-post-id=\"47413\" data-vc-public-nonce=\"b0bd7a5c43\">\n\t\t<style data-type=\"vc_shortcodes-custom-css\">.vc_custom_1419260513295{padding-right: 15px !important;padding-left: 15px !important;background-color: #2d2d2d !important;}<\/style><div class=\"vc_grid vc_row vc_grid-gutter-30px vc_pageable-wrapper vc_hook_hover\" data-vc-pageable-content=\"true\"><div class=\"vc_pageable-slide-wrapper vc_clearfix\" data-vc-grid-content=\"true\"><div class=\"vc_grid-item vc_clearfix vc_col-sm-4\"><div class=\"vc_grid-item-mini vc_clearfix\"><div class=\"vc_gitem-animated-block  vc_gitem-animate vc_gitem-animate-flipHorizontalFadeIn\"  data-vc-animation=\"flipHorizontalFadeIn\"\"><div class=\"vc_gitem-zone vc_gitem-zone-a vc_custom_1419260513295 vc-gitem-zone-height-mode-auto vc-gitem-zone-height-mode-auto-1-1 vc_gitem-is-link\"><a href=\"https:\/\/minmueblesmorelia.mx\/en\/se-como-la-langosta-cambia-tu-caparazon-y-sobrevive\/\" title=\"S\u00e9 c\u00f3mo la langosta, cambia tu caparaz\u00f3n y sobrevive\" class=\"vc_gitem-link vc-zone-link\"><\/a><div class=\"vc_gitem-zone-mini\"><div class=\"vc_gitem_row vc_row vc_gitem-row-position-middle\"><div class=\"vc_col-sm-12 vc_gitem-col vc_gitem-col-align-\"><div class=\"vc_custom_heading vc_gitem_post_title vc_gitem-post-data vc_gitem-post-data-source-post_title\" ><div style=\"font-size: 24px;color: #ffffff;line-height: 1.3;text-align: left;font-family:Roboto;font-weight:300;font-style:normal\" >S\u00e9 c\u00f3mo la langosta, cambia tu caparaz\u00f3n y sobrevive<\/div><\/div><div class=\"vc_separator wpb_content_element vc_separator_align_center vc_sep_width_50 vc_sep_border_width_2 vc_sep_pos_align_left vc_separator_no_text vc_sep_color_white  vc_separator vc_text_separator\" ><span class=\"vc_sep_holder vc_sep_holder_l\"><span  class=\"vc_sep_line\"><\/span><\/span><span class=\"vc_sep_holder vc_sep_holder_r\"><span  class=\"vc_sep_line\"><\/span><\/span>\n<\/div><div class=\"vc_custom_heading vc_gitem_post_excerpt vc_gitem-post-data vc_gitem-post-data-source-post_excerpt\" ><div style=\"font-size: 14px;color: #e2e2e2;line-height: 1.3;text-align: left;font-family:Roboto;font-weight:400;font-style:normal\" ><p>Por F\u00e1tima Miranda &nbsp; S\u00e9 c\u00f3mo la langosta, cambia tu caparaz\u00f3n y sobrevive &nbsp; El cambiar de casa puede ser una herramienta m\u00e1s para seguir creciendo con valent\u00eda, como la langosta, la cual \u201ccuando crece y su caparaz\u00f3n le aprieta, porque no se estira con ella, se estresa, se le complican las cosas pero se mete debajo de una piedra en donde suelta su &#8230;<\/p>\n<\/div><\/div><\/div><\/div><\/div><\/div><div class=\"vc_gitem-zone vc_gitem-zone-b vc-gitem-zone-height-mode-auto vc_gitem-is-link\" style=\"background-image: url('https:\/\/minmueblesmorelia.mx\/wp-content\/uploads\/2020\/12\/ffd4dfef-0097-4af1-ab5a-e9464c4a3da7-975x1024.jpg') !important;\"><a href=\"https:\/\/minmueblesmorelia.mx\/en\/se-como-la-langosta-cambia-tu-caparazon-y-sobrevive\/\" title=\"S\u00e9 c\u00f3mo la langosta, cambia tu caparaz\u00f3n y sobrevive\" class=\"vc_gitem-link vc-zone-link\"><\/a><img decoding=\"async\" src=\"https:\/\/minmueblesmorelia.mx\/wp-content\/uploads\/2020\/12\/ffd4dfef-0097-4af1-ab5a-e9464c4a3da7-975x1024.jpg\" class=\"vc_gitem-zone-img\" alt=\"\"><div class=\"vc_gitem-zone-mini\"><\/div><\/div><\/div><\/div><div class=\"vc_clearfix\"><\/div><\/div><div class=\"vc_grid-item vc_clearfix vc_col-sm-4\"><div class=\"vc_grid-item-mini vc_clearfix\"><div class=\"vc_gitem-animated-block  vc_gitem-animate vc_gitem-animate-flipHorizontalFadeIn\"  data-vc-animation=\"flipHorizontalFadeIn\"\"><div class=\"vc_gitem-zone vc_gitem-zone-a vc_custom_1419260513295 vc-gitem-zone-height-mode-auto vc-gitem-zone-height-mode-auto-1-1 vc_gitem-is-link\"><a href=\"https:\/\/minmueblesmorelia.mx\/en\/si-no-es-ahora-cuando\/\" title=\"Si no es ahora\u2026 \u00bfCu\u00e1ndo?\" class=\"vc_gitem-link vc-zone-link\"><\/a><div class=\"vc_gitem-zone-mini\"><div class=\"vc_gitem_row vc_row vc_gitem-row-position-middle\"><div class=\"vc_col-sm-12 vc_gitem-col vc_gitem-col-align-\"><div class=\"vc_custom_heading vc_gitem_post_title vc_gitem-post-data vc_gitem-post-data-source-post_title\" ><div style=\"font-size: 24px;color: #ffffff;line-height: 1.3;text-align: left;font-family:Roboto;font-weight:300;font-style:normal\" >Si no es ahora\u2026 \u00bfCu\u00e1ndo?<\/div><\/div><div class=\"vc_separator wpb_content_element vc_separator_align_center vc_sep_width_50 vc_sep_border_width_2 vc_sep_pos_align_left vc_separator_no_text vc_sep_color_white  vc_separator vc_text_separator\" ><span class=\"vc_sep_holder vc_sep_holder_l\"><span  class=\"vc_sep_line\"><\/span><\/span><span class=\"vc_sep_holder vc_sep_holder_r\"><span  class=\"vc_sep_line\"><\/span><\/span>\n<\/div><div class=\"vc_custom_heading vc_gitem_post_excerpt vc_gitem-post-data vc_gitem-post-data-source-post_excerpt\" ><div style=\"font-size: 14px;color: #e2e2e2;line-height: 1.3;text-align: left;font-family:Roboto;font-weight:400;font-style:normal\" ><p>Por: F\u00e1tima Miranda \u00bfQu\u00e9 significa un cambio de casa? \u00bfCu\u00e1ntas veces has experimentado la necesidad de dejar la vivienda en la que habitas? \u00bfCrees que necesitas un nuevo espacio en donde vivir? \u00a1Vale la pena pasar por la tarea de empacar tus pertenencias, contratar una mudanza, mudarte y desempacar! Quiz\u00e1 parezca un tit\u00e1nico esfuerzo, y quiz\u00e1 el s\u00f3lo pensarlo pueda agotarte, pero \u00bfsabes la &#8230;<\/p>\n<\/div><\/div><\/div><\/div><\/div><\/div><div class=\"vc_gitem-zone vc_gitem-zone-b vc-gitem-zone-height-mode-auto vc_gitem-is-link\" style=\"background-image: url('https:\/\/minmueblesmorelia.mx\/wp-content\/uploads\/2020\/12\/ffd4dfef-0097-4af1-ab5a-e9464c4a3da7-975x1024.jpg') !important;\"><a href=\"https:\/\/minmueblesmorelia.mx\/en\/si-no-es-ahora-cuando\/\" title=\"Si no es ahora\u2026 \u00bfCu\u00e1ndo?\" class=\"vc_gitem-link vc-zone-link\"><\/a><img decoding=\"async\" src=\"https:\/\/minmueblesmorelia.mx\/wp-content\/uploads\/2020\/12\/ffd4dfef-0097-4af1-ab5a-e9464c4a3da7-975x1024.jpg\" class=\"vc_gitem-zone-img\" alt=\"\"><div class=\"vc_gitem-zone-mini\"><\/div><\/div><\/div><\/div><div class=\"vc_clearfix\"><\/div><\/div><\/div><\/div>\n\t<\/div>\n<\/div><\/div><\/div><\/div><\/div>","protected":false},"excerpt":{"rendered":"Si no es ahora\u2026 \u00bfCu\u00e1ndo? Por: F\u00e1tima Miranda \u00bfQu\u00e9 significa un cambio de casa? \u00bfCu\u00e1ntas veces has experimentado la necesidad de dejar la vivienda en la que habitas? \u00bfCrees que necesitas un nuevo espacio en donde vivir? \u00a1Vale la pena pasar por la tarea de empacar tus pertenencias, contratar una mudanza, mudarte y desempacar! Quiz\u00e1 parezca un tit\u00e1nico esfuerzo, y quiz\u00e1 el s\u00f3lo pensarlo ...","protected":false},"author":1,"featured_media":0,"parent":0,"menu_order":0,"comment_status":"closed","ping_status":"closed","template":"","meta":{"om_disable_all_campaigns":false,"_uf_show_specific_survey":0,"_uf_disable_surveys":false,"footnotes":""},"class_list":["post-47413","page","type-page","status-publish","hentry"],"yoast_head":"<!-- This site is optimized with the Yoast SEO plugin v26.4 - https:\/\/yoast.com\/wordpress\/plugins\/seo\/ -->\n<title>Blog - M Inmuebles<\/title>\n<meta name=\"robots\" content=\"index, follow, max-snippet:-1, max-image-preview:large, max-video-preview:-1\" \/>\n<link rel=\"canonical\" href=\"https:\/\/minmueblesmorelia.mx\/en\/blog\/\" \/>\n<meta property=\"og:locale\" content=\"en_US\" \/>\n<meta property=\"og:type\" content=\"article\" \/>\n<meta property=\"og:title\" content=\"Blog - M Inmuebles\" \/>\n<meta property=\"og:url\" content=\"https:\/\/minmueblesmorelia.mx\/en\/blog\/\" \/>\n<meta property=\"og:site_name\" content=\"M Inmuebles\" \/>\n<meta property=\"article:modified_time\" content=\"2021-01-04T21:45:51+00:00\" \/>\n<meta name=\"twitter:card\" content=\"summary_large_image\" \/>\n<script type=\"application\/ld+json\" class=\"yoast-schema-graph\">{\"@context\":\"https:\/\/schema.org\",\"@graph\":[{\"@type\":\"WebPage\",\"@id\":\"https:\/\/minmueblesmorelia.mx\/blog\/\",\"url\":\"https:\/\/minmueblesmorelia.mx\/blog\/\",\"name\":\"Blog - M Inmuebles\",\"isPartOf\":{\"@id\":\"https:\/\/minmueblesmorelia.mx\/#website\"},\"datePublished\":\"2020-12-17T22:03:56+00:00\",\"dateModified\":\"2021-01-04T21:45:51+00:00\",\"breadcrumb\":{\"@id\":\"https:\/\/minmueblesmorelia.mx\/blog\/#breadcrumb\"},\"inLanguage\":\"en-US\",\"potentialAction\":[{\"@type\":\"ReadAction\",\"target\":[\"https:\/\/minmueblesmorelia.mx\/blog\/\"]}]},{\"@type\":\"BreadcrumbList\",\"@id\":\"https:\/\/minmueblesmorelia.mx\/blog\/#breadcrumb\",\"itemListElement\":[{\"@type\":\"ListItem\",\"position\":1,\"name\":\"Portada\",\"item\":\"https:\/\/minmueblesmorelia.mx\/\"},{\"@type\":\"ListItem\",\"position\":2,\"name\":\"Blog\"}]},{\"@type\":\"WebSite\",\"@id\":\"https:\/\/minmueblesmorelia.mx\/#website\",\"url\":\"https:\/\/minmueblesmorelia.mx\/\",\"name\":\"M Inmuebles\",\"description\":\".\",\"potentialAction\":[{\"@type\":\"SearchAction\",\"target\":{\"@type\":\"EntryPoint\",\"urlTemplate\":\"https:\/\/minmueblesmorelia.mx\/?s={search_term_string}\"},\"query-input\":{\"@type\":\"PropertyValueSpecification\",\"valueRequired\":true,\"valueName\":\"search_term_string\"}}],\"inLanguage\":\"en-US\"}]}<\/script>\n<!-- \/ Yoast SEO plugin. -->","yoast_head_json":{"title":"Blog - M Inmuebles","robots":{"index":"index","follow":"follow","max-snippet":"max-snippet:-1","max-image-preview":"max-image-preview:large","max-video-preview":"max-video-preview:-1"},"canonical":"https:\/\/minmueblesmorelia.mx\/en\/blog\/","og_locale":"en_US","og_type":"article","og_title":"Blog - M Inmuebles","og_url":"https:\/\/minmueblesmorelia.mx\/en\/blog\/","og_site_name":"M Inmuebles","article_modified_time":"2021-01-04T21:45:51+00:00","twitter_card":"summary_large_image","schema":{"@context":"https:\/\/schema.org","@graph":[{"@type":"WebPage","@id":"https:\/\/minmueblesmorelia.mx\/blog\/","url":"https:\/\/minmueblesmorelia.mx\/blog\/","name":"Blog - M Inmuebles","isPartOf":{"@id":"https:\/\/minmueblesmorelia.mx\/#website"},"datePublished":"2020-12-17T22:03:56+00:00","dateModified":"2021-01-04T21:45:51+00:00","breadcrumb":{"@id":"https:\/\/minmueblesmorelia.mx\/blog\/#breadcrumb"},"inLanguage":"en-US","potentialAction":[{"@type":"ReadAction","target":["https:\/\/minmueblesmorelia.mx\/blog\/"]}]},{"@type":"BreadcrumbList","@id":"https:\/\/minmueblesmorelia.mx\/blog\/#breadcrumb","itemListElement":[{"@type":"ListItem","position":1,"name":"Portada","item":"https:\/\/minmueblesmorelia.mx\/"},{"@type":"ListItem","position":2,"name":"Blog"}]},{"@type":"WebSite","@id":"https:\/\/minmueblesmorelia.mx\/#website","url":"https:\/\/minmueblesmorelia.mx\/","name":"M Inmuebles","description":".","potentialAction":[{"@type":"SearchAction","target":{"@type":"EntryPoint","urlTemplate":"https:\/\/minmueblesmorelia.mx\/?s={search_term_string}"},"query-input":{"@type":"PropertyValueSpecification","valueRequired":true,"valueName":"search_term_string"}}],"inLanguage":"en-US"}]}},"_links":{"self":[{"href":"https:\/\/minmueblesmorelia.mx\/en\/wp-json\/wp\/v2\/pages\/47413","targetHints":{"allow":["GET"]}}],"collection":[{"href":"https:\/\/minmueblesmorelia.mx\/en\/wp-json\/wp\/v2\/pages"}],"about":[{"href":"https:\/\/minmueblesmorelia.mx\/en\/wp-json\/wp\/v2\/types\/page"}],"author":[{"embeddable":true,"href":"https:\/\/minmueblesmorelia.mx\/en\/wp-json\/wp\/v2\/users\/1"}],"replies":[{"embeddable":true,"href":"https:\/\/minmueblesmorelia.mx\/en\/wp-json\/wp\/v2\/comments?post=47413"}],"version-history":[{"count":4,"href":"https:\/\/minmueblesmorelia.mx\/en\/wp-json\/wp\/v2\/pages\/47413\/revisions"}],"predecessor-version":[{"id":47417,"href":"https:\/\/minmueblesmorelia.mx\/en\/wp-json\/wp\/v2\/pages\/47413\/revisions\/47417"}],"wp:attachment":[{"href":"https:\/\/minmueblesmorelia.mx\/en\/wp-json\/wp\/v2\/media?parent=47413"}],"curies":[{"name":"wp","href":"https:\/\/api.w.org\/{rel}","templated":true}]}}