{"id":84515,"date":"2024-05-15T16:42:57","date_gmt":"2024-05-15T22:42:57","guid":{"rendered":"https:\/\/minmueblesmorelia.mx\/?page_id=84515"},"modified":"2024-05-15T17:00:02","modified_gmt":"2024-05-15T23:00:02","slug":"aviso-de-privacidad","status":"publish","type":"page","link":"https:\/\/minmueblesmorelia.mx\/en\/aviso-de-privacidad\/","title":{"rendered":"Aviso de Privacidad"},"content":{"rendered":"<div class=\"vc_row wpb_row vc_row-fluid vc_row\"><div class=\"wpb_column vc_column_container vc_col-sm-12 vc_column\"><div class=\"vc_column-inner\"><div class=\"wpb_wrapper\">\n\t<div class=\"wpb_text_column wpb_content_element  vc_column_text\" >\n\t\t<div class=\"wpb_wrapper\">\n\t\t\t<p><a href=\"https:\/\/minmueblesmorelia.mx\/wp-content\/uploads\/2023\/05\/IMG_5414.png\"><img fetchpriority=\"high\" decoding=\"async\" class=\"wp-image-84663 aligncenter\" src=\"https:\/\/minmueblesmorelia.mx\/wp-content\/uploads\/2023\/05\/IMG_5414.png\" alt=\"\" width=\"428\" height=\"170\" srcset=\"https:\/\/minmueblesmorelia.mx\/wp-content\/uploads\/2023\/05\/IMG_5414.png 965w, https:\/\/minmueblesmorelia.mx\/wp-content\/uploads\/2023\/05\/IMG_5414-300x119.png 300w, https:\/\/minmueblesmorelia.mx\/wp-content\/uploads\/2023\/05\/IMG_5414-768x305.png 768w, https:\/\/minmueblesmorelia.mx\/wp-content\/uploads\/2023\/05\/IMG_5414-18x7.png 18w\" sizes=\"(max-width: 428px) 100vw, 428px\" \/><\/a><\/p>\n<p class=\"western\" lang=\"es-ES\" align=\"justify\">De acuerdo a lo previsto en la <strong>\u201cLEY FEDERAL DE PROTECCI\u00d3N DE DATOS PERSONALES EN POSESI\u00d3N DE LOS PARTICULARES\u201d<\/strong> declara <strong>M Antares Intermediaci\u00f3n S.A DE C.V (M INMUEBLES\u00ae),<\/strong>Ser una empresa legalmente constituida de conformidad con las leyes mexicanas, con domicilio <strong>en Calle CUTZARI 100, LA PALOMA C.P 58270, MORELIA MICHOAC\u00c1N<\/strong> Es responsable de recabar sus datos personales, del uso que se le d\u00e9 a los mismos y de su protecci\u00f3n y por lo tanto hacemos de su conocimiento que la informaci\u00f3n que nos es proporcionada es tratada de forma estrictamente confidencial por lo que al proporcionar sus datos personales, <strong>tales como:<\/strong><\/p>\n<p style=\"padding-left: 40px;\">Nombre Completo, INE, comprobante de domicilio, Registro Federal de Contribuyentes (RFC), CURP, Tel\u00e9fonos fijos de oficina y de celulares, correo electr\u00f3nico, Nacionalidad, Nivel de educaci\u00f3n, Estado civil.<\/p>\n<p>Ser\u00e1n utilizados \u00fanica y exclusivamente para los fines para los cuales hemos sido contratados los cuales son proveer los servicios y productos que ha solicitado, espec\u00edficamente la intermediaci\u00f3n comercial inmobiliaria para la venta, compra, arrendamiento o administraci\u00f3n de inmuebles esto con el fin de poder iniciar nuestras gestiones de intermediaci\u00f3n comercial inmobiliaria.<br \/>\nEn el caso de datos sensibles, <strong>tales como:<\/strong><\/p>\n<p style=\"padding-left: 40px;\">Datos Financieros, datos patrimoniales, referencias personales, laborales o comerciales, (Nombre completo, direcci\u00f3n, tel\u00e9fono, relaci\u00f3n, etc.) recibo de pago predial, recibos de servicios (agua, luz o tel\u00e9fono), constancias oficiales de no adeudo y\/o cualquier otro documento requerido para la conclusi\u00f3n del tr\u00e1mite ya sea venta o renta.<\/p>\n<p>Ser\u00e1n utilizados \u00fanica y exclusivamente para los siguientes fines investigaci\u00f3n y\/o obtenci\u00f3n de cr\u00e9ditos ante las instituciones financieras y\/o conclusi\u00f3n de alguno de los tramites anteriormente relacionados.<\/p>\n<p>Para prevenir el acceso no autorizado a sus datos personales y con el fin de asegurar que la informaci\u00f3n sea utilizada para los fines establecidos en este aviso de privacidad, hemos establecido diversos procedimientos con la finalidad de evitar el uso o divulgaci\u00f3n no autorizados de sus datos, permiti\u00e9ndonos tratarlos debidamente.<\/p>\n<p>As\u00ed mismo, le informamos que sus datos personales pueden ser transmitidos para ser tratados por personas distintas a esta empresa.<\/p>\n<p>Todos sus datos personales son tratados de acuerdo a la legislaci\u00f3n aplicable y vigente en el pa\u00eds, por ello le informamos que usted tiene en todo momento los derechos (ARCO) de acceder, rectificar, cancelar u oponerse al tratamiento que le damos a sus datos personales; derecho que podr\u00e1 hacer valer a trav\u00e9s del \u00e1rea de privacidad encargada de la seguridad de datos personales en el Tel\u00e9fono 443 135 39 47, o por medio de su correo electr\u00f3nico: <a href=\"mailto:direccion@minmueblesmorelia.mx\">direccion@minmueblesmorelia.mx<\/a><\/p>\n<p>A trav\u00e9s de estos canales usted podr\u00e1 actualizar sus datos y especificar el medio por el cual desea recibir informaci\u00f3n, ya que, en caso de no contar con esta especificaci\u00f3n de su parte, M inmuebles establecer\u00e1 libremente el canal que considere pertinente para enviarle informaci\u00f3n.<\/p>\n<p>Este aviso de privacidad podr\u00e1 ser modificado por M Inmuebles \u00ae, dichas modificaciones ser\u00e1n oportunamente informadas a trav\u00e9s de correo electr\u00f3nico, tel\u00e9fono, o cualquier otro medio de comunicaci\u00f3n que M Inmuebles\u00ae determine para tal efecto.<\/p>\n<p style=\"text-align: center;\"><strong>ATENTAMENTE<\/strong><br \/>\nM Antares intermediaci\u00f3n<br \/>\nM INMUEBLES\u00ae<\/p>\n\n\t\t<\/div>\n\t<\/div>\n<\/div><\/div><\/div><\/div>","protected":false},"excerpt":{"rendered":"De acuerdo a lo previsto en la \u201cLEY FEDERAL DE PROTECCI\u00d3N DE DATOS PERSONALES EN POSESI\u00d3N DE LOS PARTICULARES\u201d declara M Antares Intermediaci\u00f3n S.A DE C.V (M INMUEBLES\u00ae),Ser una empresa legalmente constituida de conformidad con las leyes mexicanas, con domicilio en Calle CUTZARI 100, LA PALOMA C.P 58270, MORELIA MICHOAC\u00c1N Es responsable de recabar sus datos personales, del uso que se le d\u00e9 a ...","protected":false},"author":1,"featured_media":0,"parent":0,"menu_order":0,"comment_status":"closed","ping_status":"closed","template":"","meta":{"om_disable_all_campaigns":false,"_uf_show_specific_survey":0,"_uf_disable_surveys":false,"footnotes":""},"class_list":["post-84515","page","type-page","status-publish","hentry"],"yoast_head":"<!-- This site is optimized with the Yoast SEO plugin v26.4 - https:\/\/yoast.com\/wordpress\/plugins\/seo\/ -->\n<title>Aviso de Privacidad - M Inmuebles<\/title>\n<meta name=\"robots\" content=\"index, follow, max-snippet:-1, max-image-preview:large, max-video-preview:-1\" \/>\n<link rel=\"canonical\" href=\"https:\/\/minmueblesmorelia.mx\/en\/aviso-de-privacidad\/\" \/>\n<meta property=\"og:locale\" content=\"en_US\" \/>\n<meta property=\"og:type\" content=\"article\" \/>\n<meta property=\"og:title\" content=\"Aviso de Privacidad - M Inmuebles\" \/>\n<meta property=\"og:url\" content=\"https:\/\/minmueblesmorelia.mx\/en\/aviso-de-privacidad\/\" \/>\n<meta property=\"og:site_name\" content=\"M Inmuebles\" \/>\n<meta property=\"article:modified_time\" content=\"2024-05-15T23:00:02+00:00\" \/>\n<meta property=\"og:image\" content=\"https:\/\/minmueblesmorelia.mx\/wp-content\/uploads\/2023\/05\/IMG_5414.png\" \/>\n<meta name=\"twitter:card\" content=\"summary_large_image\" \/>\n<meta name=\"twitter:label1\" content=\"Est. reading time\" \/>\n\t<meta name=\"twitter:data1\" content=\"3 minutes\" \/>\n<script type=\"application\/ld+json\" class=\"yoast-schema-graph\">{\"@context\":\"https:\/\/schema.org\",\"@graph\":[{\"@type\":\"WebPage\",\"@id\":\"https:\/\/minmueblesmorelia.mx\/aviso-de-privacidad\/\",\"url\":\"https:\/\/minmueblesmorelia.mx\/aviso-de-privacidad\/\",\"name\":\"Aviso de Privacidad - M Inmuebles\",\"isPartOf\":{\"@id\":\"https:\/\/minmueblesmorelia.mx\/#website\"},\"primaryImageOfPage\":{\"@id\":\"https:\/\/minmueblesmorelia.mx\/aviso-de-privacidad\/#primaryimage\"},\"image\":{\"@id\":\"https:\/\/minmueblesmorelia.mx\/aviso-de-privacidad\/#primaryimage\"},\"thumbnailUrl\":\"https:\/\/minmueblesmorelia.mx\/wp-content\/uploads\/2023\/05\/IMG_5414.png\",\"datePublished\":\"2024-05-15T22:42:57+00:00\",\"dateModified\":\"2024-05-15T23:00:02+00:00\",\"breadcrumb\":{\"@id\":\"https:\/\/minmueblesmorelia.mx\/aviso-de-privacidad\/#breadcrumb\"},\"inLanguage\":\"en-US\",\"potentialAction\":[{\"@type\":\"ReadAction\",\"target\":[\"https:\/\/minmueblesmorelia.mx\/aviso-de-privacidad\/\"]}]},{\"@type\":\"ImageObject\",\"inLanguage\":\"en-US\",\"@id\":\"https:\/\/minmueblesmorelia.mx\/aviso-de-privacidad\/#primaryimage\",\"url\":\"https:\/\/minmueblesmorelia.mx\/wp-content\/uploads\/2023\/05\/IMG_5414.png\",\"contentUrl\":\"https:\/\/minmueblesmorelia.mx\/wp-content\/uploads\/2023\/05\/IMG_5414.png\"},{\"@type\":\"BreadcrumbList\",\"@id\":\"https:\/\/minmueblesmorelia.mx\/aviso-de-privacidad\/#breadcrumb\",\"itemListElement\":[{\"@type\":\"ListItem\",\"position\":1,\"name\":\"Portada\",\"item\":\"https:\/\/minmueblesmorelia.mx\/\"},{\"@type\":\"ListItem\",\"position\":2,\"name\":\"Aviso de Privacidad\"}]},{\"@type\":\"WebSite\",\"@id\":\"https:\/\/minmueblesmorelia.mx\/#website\",\"url\":\"https:\/\/minmueblesmorelia.mx\/\",\"name\":\"M Inmuebles\",\"description\":\".\",\"potentialAction\":[{\"@type\":\"SearchAction\",\"target\":{\"@type\":\"EntryPoint\",\"urlTemplate\":\"https:\/\/minmueblesmorelia.mx\/?s={search_term_string}\"},\"query-input\":{\"@type\":\"PropertyValueSpecification\",\"valueRequired\":true,\"valueName\":\"search_term_string\"}}],\"inLanguage\":\"en-US\"}]}<\/script>\n<!-- \/ Yoast SEO plugin. -->","yoast_head_json":{"title":"Aviso de Privacidad - M Inmuebles","robots":{"index":"index","follow":"follow","max-snippet":"max-snippet:-1","max-image-preview":"max-image-preview:large","max-video-preview":"max-video-preview:-1"},"canonical":"https:\/\/minmueblesmorelia.mx\/en\/aviso-de-privacidad\/","og_locale":"en_US","og_type":"article","og_title":"Aviso de Privacidad - M Inmuebles","og_url":"https:\/\/minmueblesmorelia.mx\/en\/aviso-de-privacidad\/","og_site_name":"M Inmuebles","article_modified_time":"2024-05-15T23:00:02+00:00","og_image":[{"url":"https:\/\/minmueblesmorelia.mx\/wp-content\/uploads\/2023\/05\/IMG_5414.png","type":"","width":"","height":""}],"twitter_card":"summary_large_image","twitter_misc":{"Est. reading time":"3 minutes"},"schema":{"@context":"https:\/\/schema.org","@graph":[{"@type":"WebPage","@id":"https:\/\/minmueblesmorelia.mx\/aviso-de-privacidad\/","url":"https:\/\/minmueblesmorelia.mx\/aviso-de-privacidad\/","name":"Aviso de Privacidad - M Inmuebles","isPartOf":{"@id":"https:\/\/minmueblesmorelia.mx\/#website"},"primaryImageOfPage":{"@id":"https:\/\/minmueblesmorelia.mx\/aviso-de-privacidad\/#primaryimage"},"image":{"@id":"https:\/\/minmueblesmorelia.mx\/aviso-de-privacidad\/#primaryimage"},"thumbnailUrl":"https:\/\/minmueblesmorelia.mx\/wp-content\/uploads\/2023\/05\/IMG_5414.png","datePublished":"2024-05-15T22:42:57+00:00","dateModified":"2024-05-15T23:00:02+00:00","breadcrumb":{"@id":"https:\/\/minmueblesmorelia.mx\/aviso-de-privacidad\/#breadcrumb"},"inLanguage":"en-US","potentialAction":[{"@type":"ReadAction","target":["https:\/\/minmueblesmorelia.mx\/aviso-de-privacidad\/"]}]},{"@type":"ImageObject","inLanguage":"en-US","@id":"https:\/\/minmueblesmorelia.mx\/aviso-de-privacidad\/#primaryimage","url":"https:\/\/minmueblesmorelia.mx\/wp-content\/uploads\/2023\/05\/IMG_5414.png","contentUrl":"https:\/\/minmueblesmorelia.mx\/wp-content\/uploads\/2023\/05\/IMG_5414.png"},{"@type":"BreadcrumbList","@id":"https:\/\/minmueblesmorelia.mx\/aviso-de-privacidad\/#breadcrumb","itemListElement":[{"@type":"ListItem","position":1,"name":"Portada","item":"https:\/\/minmueblesmorelia.mx\/"},{"@type":"ListItem","position":2,"name":"Aviso de Privacidad"}]},{"@type":"WebSite","@id":"https:\/\/minmueblesmorelia.mx\/#website","url":"https:\/\/minmueblesmorelia.mx\/","name":"M Inmuebles","description":".","potentialAction":[{"@type":"SearchAction","target":{"@type":"EntryPoint","urlTemplate":"https:\/\/minmueblesmorelia.mx\/?s={search_term_string}"},"query-input":{"@type":"PropertyValueSpecification","valueRequired":true,"valueName":"search_term_string"}}],"inLanguage":"en-US"}]}},"_links":{"self":[{"href":"https:\/\/minmueblesmorelia.mx\/en\/wp-json\/wp\/v2\/pages\/84515","targetHints":{"allow":["GET"]}}],"collection":[{"href":"https:\/\/minmueblesmorelia.mx\/en\/wp-json\/wp\/v2\/pages"}],"about":[{"href":"https:\/\/minmueblesmorelia.mx\/en\/wp-json\/wp\/v2\/types\/page"}],"author":[{"embeddable":true,"href":"https:\/\/minmueblesmorelia.mx\/en\/wp-json\/wp\/v2\/users\/1"}],"replies":[{"embeddable":true,"href":"https:\/\/minmueblesmorelia.mx\/en\/wp-json\/wp\/v2\/comments?post=84515"}],"version-history":[{"count":6,"href":"https:\/\/minmueblesmorelia.mx\/en\/wp-json\/wp\/v2\/pages\/84515\/revisions"}],"predecessor-version":[{"id":92246,"href":"https:\/\/minmueblesmorelia.mx\/en\/wp-json\/wp\/v2\/pages\/84515\/revisions\/92246"}],"wp:attachment":[{"href":"https:\/\/minmueblesmorelia.mx\/en\/wp-json\/wp\/v2\/media?parent=84515"}],"curies":[{"name":"wp","href":"https:\/\/api.w.org\/{rel}","templated":true}]}}